{"id":9047,"date":"2024-02-22T10:15:10","date_gmt":"2024-02-22T09:15:10","guid":{"rendered":"https:\/\/www.michelcorreard.com\/?page_id=9047"},"modified":"2024-02-22T11:11:26","modified_gmt":"2024-02-22T10:11:26","slug":"qui-suis-je","status":"publish","type":"page","link":"https:\/\/www.michelcorreard.com\/?page_id=9047","title":{"rendered":"Qui suis-je ?"},"content":{"rendered":"\t\t<div data-elementor-type=\"wp-page\" data-elementor-id=\"9047\" class=\"elementor elementor-9047\" data-elementor-post-type=\"page\">\n\t\t\t\t\t\t<section class=\"elementor-section elementor-top-section elementor-element elementor-element-67cdf76 elementor-section-stretched elementor-section-boxed elementor-section-height-default elementor-section-height-default\" data-id=\"67cdf76\" data-element_type=\"section\" data-e-type=\"section\" data-settings=\"{&quot;stretch_section&quot;:&quot;section-stretched&quot;}\">\n\t\t\t\t\t\t<div class=\"elementor-container elementor-column-gap-default\">\n\t\t\t\t\t<div class=\"elementor-column elementor-col-100 elementor-top-column elementor-element elementor-element-42212e5\" data-id=\"42212e5\" data-element_type=\"column\" data-e-type=\"column\">\n\t\t\t<div class=\"elementor-widget-wrap elementor-element-populated\">\n\t\t\t\t\t\t<div class=\"elementor-element elementor-element-ac5e86f elementor-widget elementor-widget-text-editor\" data-id=\"ac5e86f\" data-element_type=\"widget\" data-e-type=\"widget\" data-widget_type=\"text-editor.default\">\n\t\t\t\t<div class=\"elementor-widget-container\">\n\t\t\t\t\t\t\t\t\t<p>La photo c\u2019est l\u2019\u0153il qui n\u2019est que le prolongement de l\u2019\u00e2me.<\/p><p>La photo c\u2019est se mettre \u00e0 nu afin de retranscrire ce que voit l\u2019\u0153il, l\u2019\u00e9ternel combat entre l\u2019immat\u00e9rialit\u00e9 de l\u2019\u00e2me et le cart\u00e9sianisme du moment pr\u00e9sent. En un seul clic d\u00e9nu\u00e9 de sentiment apparait la beaut\u00e9 ou la noirceur de l\u2019\u00e2me dans son enti\u00e8ret\u00e9.<\/p><p>Trente-cinq ann\u00e9es pass\u00e9es sous l\u2019uniforme des sapeurs-pompiers \u00e0 voir la nuit et la lumi\u00e8re, \u00e0 c\u00f4toyer la vie et la mort, \u00e0 observer des lieux, des comportements, \u00e0 capter des instants\u2026\u00e0 se dire que rien n\u2019est fig\u00e9 pour l\u2019\u00e9ternit\u00e9, et pourtant.<\/p><p>Et pourtant\u2026 comme d\u2019autres choisissent le verbe, le pinceau ou le corps, j\u2019ai choisi la photo. Je fige cette \u00e9ternit\u00e9 qui nous obs\u00e8de et nous angoisse, celle qui nous fait r\u00e9fl\u00e9chir sur l\u2019ombre et la lumi\u00e8re.<\/p><p>J\u2019entends \u00e9voquer et non illustrer, j\u2019entends r\u00e9v\u00e9ler une fleur de vie dans l\u2019instant v\u00e9cu comme une urgence, j\u2019entends aller \u00e0 l\u2019essentiel afin de toucher le drame vital des lieux charg\u00e9s de risques pour sauver leur beaut\u00e9 et leur intensit\u00e9.<\/p><p>L\u2019homme du feu qui est en moi est parti \u00e0 la recherche de l\u2019essentiel\u00a0: Capter cette touche de vie qui triomphe de la mort.<\/p><p>Toucher la sobri\u00e9t\u00e9 vibrante de cette fragilit\u00e9 poreuse qui c\u00f4toie la victoire de la vie sur l\u2019imminence des t\u00e9n\u00e8bres.<\/p>\t\t\t\t\t\t\t\t<\/div>\n\t\t\t\t<\/div>\n\t\t\t\t\t<\/div>\n\t\t<\/div>\n\t\t\t\t\t<\/div>\n\t\t<\/section>\n\t\t\t\t<section class=\"elementor-section elementor-top-section elementor-element elementor-element-0678a2f elementor-section-boxed elementor-section-height-default elementor-section-height-default\" data-id=\"0678a2f\" data-element_type=\"section\" data-e-type=\"section\">\n\t\t\t\t\t\t<div class=\"elementor-container elementor-column-gap-default\">\n\t\t\t\t\t<div class=\"elementor-column elementor-col-100 elementor-top-column elementor-element elementor-element-29a5eef\" data-id=\"29a5eef\" data-element_type=\"column\" data-e-type=\"column\">\n\t\t\t<div class=\"elementor-widget-wrap elementor-element-populated\">\n\t\t\t\t\t\t<div class=\"elementor-element elementor-element-6297d93 elementor-widget elementor-widget-image\" data-id=\"6297d93\" data-element_type=\"widget\" data-e-type=\"widget\" data-widget_type=\"image.default\">\n\t\t\t\t<div class=\"elementor-widget-container\">\n\t\t\t\t\t\t\t\t\t\t\t\t\t\t\t<img fetchpriority=\"high\" decoding=\"async\" width=\"432\" height=\"534\" src=\"https:\/\/www.michelcorreard.com\/wp-content\/uploads\/2024\/02\/Image2-432x534.jpg\" class=\"attachment-medium size-medium wp-image-9069\" alt=\"\" srcset=\"https:\/\/www.michelcorreard.com\/wp-content\/uploads\/2024\/02\/Image2-432x534.jpg 432w, https:\/\/www.michelcorreard.com\/wp-content\/uploads\/2024\/02\/Image2-554x684.jpg 554w, https:\/\/www.michelcorreard.com\/wp-content\/uploads\/2024\/02\/Image2.jpg 736w\" sizes=\"(max-width: 432px) 100vw, 432px\" \/>\t\t\t\t\t\t\t\t\t\t\t\t\t\t\t<\/div>\n\t\t\t\t<\/div>\n\t\t\t\t\t<\/div>\n\t\t<\/div>\n\t\t\t\t\t<\/div>\n\t\t<\/section>\n\t\t\t\t<\/div>\n\t\t","protected":false},"excerpt":{"rendered":"<p>La photo c\u2019est l\u2019\u0153il qui n\u2019est que le prolongement de l\u2019\u00e2me. La photo c\u2019est se mettre \u00e0 nu afin de retranscrire ce que voit l\u2019\u0153il, l\u2019\u00e9ternel combat entre l\u2019immat\u00e9rialit\u00e9 de<\/p>\n<p class=\"more-link\"><a href=\"https:\/\/www.michelcorreard.com\/?page_id=9047\" class=\"readmore\">Continue reading&#8230;<span class=\"screen-reader-text\">Qui suis-je ?<\/span><\/a><\/p>\n","protected":false},"author":1,"featured_media":0,"parent":0,"menu_order":0,"comment_status":"closed","ping_status":"closed","template":"","meta":{"footnotes":""},"class_list":["post-9047","page","type-page","status-publish","hentry"],"_links":{"self":[{"href":"https:\/\/www.michelcorreard.com\/index.php?rest_route=\/wp\/v2\/pages\/9047","targetHints":{"allow":["GET"]}}],"collection":[{"href":"https:\/\/www.michelcorreard.com\/index.php?rest_route=\/wp\/v2\/pages"}],"about":[{"href":"https:\/\/www.michelcorreard.com\/index.php?rest_route=\/wp\/v2\/types\/page"}],"author":[{"embeddable":true,"href":"https:\/\/www.michelcorreard.com\/index.php?rest_route=\/wp\/v2\/users\/1"}],"replies":[{"embeddable":true,"href":"https:\/\/www.michelcorreard.com\/index.php?rest_route=%2Fwp%2Fv2%2Fcomments&post=9047"}],"version-history":[{"count":4,"href":"https:\/\/www.michelcorreard.com\/index.php?rest_route=\/wp\/v2\/pages\/9047\/revisions"}],"predecessor-version":[{"id":9072,"href":"https:\/\/www.michelcorreard.com\/index.php?rest_route=\/wp\/v2\/pages\/9047\/revisions\/9072"}],"wp:attachment":[{"href":"https:\/\/www.michelcorreard.com\/index.php?rest_route=%2Fwp%2Fv2%2Fmedia&parent=9047"}],"curies":[{"name":"wp","href":"https:\/\/api.w.org\/{rel}","templated":true}]}}