{"id":10019,"date":"2024-09-17T10:50:18","date_gmt":"2024-09-17T08:50:18","guid":{"rendered":"https:\/\/www.michelcorreard.com\/?page_id=10019"},"modified":"2024-09-29T07:51:27","modified_gmt":"2024-09-29T05:51:27","slug":"ile-de-bonnaventure-perce","status":"publish","type":"page","link":"https:\/\/www.michelcorreard.com\/?page_id=10019","title":{"rendered":"\u00cele de Bonnaventure -Per\u00e7\u00e9"},"content":{"rendered":"\t\t<div data-elementor-type=\"wp-page\" data-elementor-id=\"10019\" class=\"elementor elementor-10019\" data-elementor-post-type=\"page\">\n\t\t\t\t\t\t<section class=\"elementor-section elementor-top-section elementor-element elementor-element-b7e309a elementor-section-stretched elementor-section-boxed elementor-section-height-default elementor-section-height-default\" data-id=\"b7e309a\" data-element_type=\"section\" data-e-type=\"section\" data-settings=\"{&quot;stretch_section&quot;:&quot;section-stretched&quot;}\">\n\t\t\t\t\t\t<div class=\"elementor-container elementor-column-gap-default\">\n\t\t\t\t\t<div class=\"elementor-column elementor-col-100 elementor-top-column elementor-element elementor-element-b3747c2\" data-id=\"b3747c2\" data-element_type=\"column\" data-e-type=\"column\">\n\t\t\t<div class=\"elementor-widget-wrap elementor-element-populated\">\n\t\t\t\t\t\t<div class=\"elementor-element elementor-element-45c1bba elementor-widget elementor-widget-gallery\" data-id=\"45c1bba\" data-element_type=\"widget\" data-e-type=\"widget\" data-settings=\"{&quot;gallery_layout&quot;:&quot;masonry&quot;,&quot;columns&quot;:2,&quot;lazyload&quot;:&quot;yes&quot;,&quot;columns_tablet&quot;:2,&quot;columns_mobile&quot;:1,&quot;gap&quot;:{&quot;unit&quot;:&quot;px&quot;,&quot;size&quot;:10,&quot;sizes&quot;:[]},&quot;gap_tablet&quot;:{&quot;unit&quot;:&quot;px&quot;,&quot;size&quot;:10,&quot;sizes&quot;:[]},&quot;gap_mobile&quot;:{&quot;unit&quot;:&quot;px&quot;,&quot;size&quot;:10,&quot;sizes&quot;:[]},&quot;link_to&quot;:&quot;file&quot;,&quot;overlay_background&quot;:&quot;yes&quot;,&quot;content_hover_animation&quot;:&quot;fade-in&quot;}\" data-widget_type=\"gallery.default\">\n\t\t\t\t<div class=\"elementor-widget-container\">\n\t\t\t\t\t\t\t<div class=\"elementor-gallery__container\">\n\t\t\t\t\t\t\t<a class=\"e-gallery-item elementor-gallery-item elementor-animated-content\" href=\"https:\/\/www.michelcorreard.com\/wp-content\/uploads\/2024\/09\/QP295.jpg\" data-elementor-open-lightbox=\"yes\" data-elementor-lightbox-slideshow=\"45c1bba\" data-elementor-lightbox-title=\"QP295\" data-e-action-hash=\"#elementor-action%3Aaction%3Dlightbox%26settings%3DeyJpZCI6MTA1OTQsInVybCI6Imh0dHBzOlwvXC93d3cubWljaGVsY29ycmVhcmQuY29tXC93cC1jb250ZW50XC91cGxvYWRzXC8yMDI0XC8wOVwvUVAyOTUuanBnIiwic2xpZGVzaG93IjoiNDVjMWJiYSJ9\">\n\t\t\t\t\t<div class=\"e-gallery-image elementor-gallery-item__image\" data-thumbnail=\"https:\/\/www.michelcorreard.com\/wp-content\/uploads\/2024\/09\/QP295.jpg\" data-width=\"687\" data-height=\"387\" aria-label=\"\" role=\"img\" ><\/div>\n\t\t\t\t\t\t\t\t\t\t\t<div class=\"elementor-gallery-item__overlay\"><\/div>\n\t\t\t\t\t\t\t\t\t\t\t\t\t\t<\/a>\n\t\t\t\t\t\t\t<a class=\"e-gallery-item elementor-gallery-item elementor-animated-content\" href=\"https:\/\/www.michelcorreard.com\/wp-content\/uploads\/2024\/09\/QP298.jpg\" data-elementor-open-lightbox=\"yes\" data-elementor-lightbox-slideshow=\"45c1bba\" data-elementor-lightbox-title=\"QP298\" data-e-action-hash=\"#elementor-action%3Aaction%3Dlightbox%26settings%3DeyJpZCI6MTA1OTUsInVybCI6Imh0dHBzOlwvXC93d3cubWljaGVsY29ycmVhcmQuY29tXC93cC1jb250ZW50XC91cGxvYWRzXC8yMDI0XC8wOVwvUVAyOTguanBnIiwic2xpZGVzaG93IjoiNDVjMWJiYSJ9\">\n\t\t\t\t\t<div class=\"e-gallery-image elementor-gallery-item__image\" data-thumbnail=\"https:\/\/www.michelcorreard.com\/wp-content\/uploads\/2024\/09\/QP298.jpg\" data-width=\"687\" data-height=\"387\" aria-label=\"\" role=\"img\" ><\/div>\n\t\t\t\t\t\t\t\t\t\t\t<div class=\"elementor-gallery-item__overlay\"><\/div>\n\t\t\t\t\t\t\t\t\t\t\t\t\t\t<\/a>\n\t\t\t\t\t\t\t<a class=\"e-gallery-item elementor-gallery-item elementor-animated-content\" href=\"https:\/\/www.michelcorreard.com\/wp-content\/uploads\/2024\/09\/QP300.jpg\" data-elementor-open-lightbox=\"yes\" data-elementor-lightbox-slideshow=\"45c1bba\" data-elementor-lightbox-title=\"QP300\" data-e-action-hash=\"#elementor-action%3Aaction%3Dlightbox%26settings%3DeyJpZCI6MTA1OTYsInVybCI6Imh0dHBzOlwvXC93d3cubWljaGVsY29ycmVhcmQuY29tXC93cC1jb250ZW50XC91cGxvYWRzXC8yMDI0XC8wOVwvUVAzMDAuanBnIiwic2xpZGVzaG93IjoiNDVjMWJiYSJ9\">\n\t\t\t\t\t<div class=\"e-gallery-image elementor-gallery-item__image\" data-thumbnail=\"https:\/\/www.michelcorreard.com\/wp-content\/uploads\/2024\/09\/QP300.jpg\" data-width=\"687\" data-height=\"387\" aria-label=\"\" role=\"img\" ><\/div>\n\t\t\t\t\t\t\t\t\t\t\t<div class=\"elementor-gallery-item__overlay\"><\/div>\n\t\t\t\t\t\t\t\t\t\t\t\t\t\t<\/a>\n\t\t\t\t\t\t\t<a class=\"e-gallery-item elementor-gallery-item elementor-animated-content\" href=\"https:\/\/www.michelcorreard.com\/wp-content\/uploads\/2024\/09\/QP304.jpg\" data-elementor-open-lightbox=\"yes\" data-elementor-lightbox-slideshow=\"45c1bba\" data-elementor-lightbox-title=\"QP304\" data-e-action-hash=\"#elementor-action%3Aaction%3Dlightbox%26settings%3DeyJpZCI6MTA1OTcsInVybCI6Imh0dHBzOlwvXC93d3cubWljaGVsY29ycmVhcmQuY29tXC93cC1jb250ZW50XC91cGxvYWRzXC8yMDI0XC8wOVwvUVAzMDQuanBnIiwic2xpZGVzaG93IjoiNDVjMWJiYSJ9\">\n\t\t\t\t\t<div class=\"e-gallery-image elementor-gallery-item__image\" data-thumbnail=\"https:\/\/www.michelcorreard.com\/wp-content\/uploads\/2024\/09\/QP304.jpg\" data-width=\"687\" data-height=\"387\" aria-label=\"\" role=\"img\" ><\/div>\n\t\t\t\t\t\t\t\t\t\t\t<div class=\"elementor-gallery-item__overlay\"><\/div>\n\t\t\t\t\t\t\t\t\t\t\t\t\t\t<\/a>\n\t\t\t\t\t\t\t<a class=\"e-gallery-item elementor-gallery-item elementor-animated-content\" href=\"https:\/\/www.michelcorreard.com\/wp-content\/uploads\/2024\/09\/QP307-1.jpg\" data-elementor-open-lightbox=\"yes\" data-elementor-lightbox-slideshow=\"45c1bba\" data-elementor-lightbox-title=\"QP307\" data-e-action-hash=\"#elementor-action%3Aaction%3Dlightbox%26settings%3DeyJpZCI6MTA1OTgsInVybCI6Imh0dHBzOlwvXC93d3cubWljaGVsY29ycmVhcmQuY29tXC93cC1jb250ZW50XC91cGxvYWRzXC8yMDI0XC8wOVwvUVAzMDctMS5qcGciLCJzbGlkZXNob3ciOiI0NWMxYmJhIn0%3D\">\n\t\t\t\t\t<div class=\"e-gallery-image elementor-gallery-item__image\" data-thumbnail=\"https:\/\/www.michelcorreard.com\/wp-content\/uploads\/2024\/09\/QP307-1.jpg\" data-width=\"687\" data-height=\"387\" aria-label=\"\" role=\"img\" ><\/div>\n\t\t\t\t\t\t\t\t\t\t\t<div class=\"elementor-gallery-item__overlay\"><\/div>\n\t\t\t\t\t\t\t\t\t\t\t\t\t\t<\/a>\n\t\t\t\t\t\t\t<a class=\"e-gallery-item elementor-gallery-item elementor-animated-content\" href=\"https:\/\/www.michelcorreard.com\/wp-content\/uploads\/2024\/09\/QP308-1.jpg\" data-elementor-open-lightbox=\"yes\" data-elementor-lightbox-slideshow=\"45c1bba\" data-elementor-lightbox-title=\"QP308\" data-e-action-hash=\"#elementor-action%3Aaction%3Dlightbox%26settings%3DeyJpZCI6MTA1OTksInVybCI6Imh0dHBzOlwvXC93d3cubWljaGVsY29ycmVhcmQuY29tXC93cC1jb250ZW50XC91cGxvYWRzXC8yMDI0XC8wOVwvUVAzMDgtMS5qcGciLCJzbGlkZXNob3ciOiI0NWMxYmJhIn0%3D\">\n\t\t\t\t\t<div class=\"e-gallery-image elementor-gallery-item__image\" data-thumbnail=\"https:\/\/www.michelcorreard.com\/wp-content\/uploads\/2024\/09\/QP308-1.jpg\" data-width=\"687\" data-height=\"387\" aria-label=\"\" role=\"img\" ><\/div>\n\t\t\t\t\t\t\t\t\t\t\t<div class=\"elementor-gallery-item__overlay\"><\/div>\n\t\t\t\t\t\t\t\t\t\t\t\t\t\t<\/a>\n\t\t\t\t\t\t\t<a class=\"e-gallery-item elementor-gallery-item elementor-animated-content\" href=\"https:\/\/www.michelcorreard.com\/wp-content\/uploads\/2024\/09\/QP309.jpg\" data-elementor-open-lightbox=\"yes\" data-elementor-lightbox-slideshow=\"45c1bba\" data-elementor-lightbox-title=\"QP309\" data-e-action-hash=\"#elementor-action%3Aaction%3Dlightbox%26settings%3DeyJpZCI6MTA2MDAsInVybCI6Imh0dHBzOlwvXC93d3cubWljaGVsY29ycmVhcmQuY29tXC93cC1jb250ZW50XC91cGxvYWRzXC8yMDI0XC8wOVwvUVAzMDkuanBnIiwic2xpZGVzaG93IjoiNDVjMWJiYSJ9\">\n\t\t\t\t\t<div class=\"e-gallery-image elementor-gallery-item__image\" data-thumbnail=\"https:\/\/www.michelcorreard.com\/wp-content\/uploads\/2024\/09\/QP309.jpg\" data-width=\"687\" data-height=\"387\" aria-label=\"\" role=\"img\" ><\/div>\n\t\t\t\t\t\t\t\t\t\t\t<div class=\"elementor-gallery-item__overlay\"><\/div>\n\t\t\t\t\t\t\t\t\t\t\t\t\t\t<\/a>\n\t\t\t\t\t\t\t<a class=\"e-gallery-item elementor-gallery-item elementor-animated-content\" href=\"https:\/\/www.michelcorreard.com\/wp-content\/uploads\/2024\/09\/QP314-1.jpg\" data-elementor-open-lightbox=\"yes\" data-elementor-lightbox-slideshow=\"45c1bba\" data-elementor-lightbox-title=\"QP314\" data-e-action-hash=\"#elementor-action%3Aaction%3Dlightbox%26settings%3DeyJpZCI6MTA2MDEsInVybCI6Imh0dHBzOlwvXC93d3cubWljaGVsY29ycmVhcmQuY29tXC93cC1jb250ZW50XC91cGxvYWRzXC8yMDI0XC8wOVwvUVAzMTQtMS5qcGciLCJzbGlkZXNob3ciOiI0NWMxYmJhIn0%3D\">\n\t\t\t\t\t<div class=\"e-gallery-image elementor-gallery-item__image\" data-thumbnail=\"https:\/\/www.michelcorreard.com\/wp-content\/uploads\/2024\/09\/QP314-1.jpg\" data-width=\"687\" data-height=\"387\" aria-label=\"\" role=\"img\" ><\/div>\n\t\t\t\t\t\t\t\t\t\t\t<div class=\"elementor-gallery-item__overlay\"><\/div>\n\t\t\t\t\t\t\t\t\t\t\t\t\t\t<\/a>\n\t\t\t\t\t\t\t<a class=\"e-gallery-item elementor-gallery-item elementor-animated-content\" href=\"https:\/\/www.michelcorreard.com\/wp-content\/uploads\/2024\/09\/QP319.jpg\" data-elementor-open-lightbox=\"yes\" data-elementor-lightbox-slideshow=\"45c1bba\" data-elementor-lightbox-title=\"QP319\" data-e-action-hash=\"#elementor-action%3Aaction%3Dlightbox%26settings%3DeyJpZCI6MTA2MDIsInVybCI6Imh0dHBzOlwvXC93d3cubWljaGVsY29ycmVhcmQuY29tXC93cC1jb250ZW50XC91cGxvYWRzXC8yMDI0XC8wOVwvUVAzMTkuanBnIiwic2xpZGVzaG93IjoiNDVjMWJiYSJ9\">\n\t\t\t\t\t<div class=\"e-gallery-image elementor-gallery-item__image\" data-thumbnail=\"https:\/\/www.michelcorreard.com\/wp-content\/uploads\/2024\/09\/QP319.jpg\" data-width=\"687\" data-height=\"387\" aria-label=\"\" role=\"img\" ><\/div>\n\t\t\t\t\t\t\t\t\t\t\t<div class=\"elementor-gallery-item__overlay\"><\/div>\n\t\t\t\t\t\t\t\t\t\t\t\t\t\t<\/a>\n\t\t\t\t\t\t\t<a class=\"e-gallery-item elementor-gallery-item elementor-animated-content\" href=\"https:\/\/www.michelcorreard.com\/wp-content\/uploads\/2024\/09\/QP320-2.jpg\" data-elementor-open-lightbox=\"yes\" data-elementor-lightbox-slideshow=\"45c1bba\" data-elementor-lightbox-title=\"QP320\" data-e-action-hash=\"#elementor-action%3Aaction%3Dlightbox%26settings%3DeyJpZCI6MTA2MDMsInVybCI6Imh0dHBzOlwvXC93d3cubWljaGVsY29ycmVhcmQuY29tXC93cC1jb250ZW50XC91cGxvYWRzXC8yMDI0XC8wOVwvUVAzMjAtMi5qcGciLCJzbGlkZXNob3ciOiI0NWMxYmJhIn0%3D\">\n\t\t\t\t\t<div class=\"e-gallery-image elementor-gallery-item__image\" data-thumbnail=\"https:\/\/www.michelcorreard.com\/wp-content\/uploads\/2024\/09\/QP320-2.jpg\" data-width=\"687\" data-height=\"387\" aria-label=\"\" role=\"img\" ><\/div>\n\t\t\t\t\t\t\t\t\t\t\t<div class=\"elementor-gallery-item__overlay\"><\/div>\n\t\t\t\t\t\t\t\t\t\t\t\t\t\t<\/a>\n\t\t\t\t\t\t\t<a class=\"e-gallery-item elementor-gallery-item elementor-animated-content\" href=\"https:\/\/www.michelcorreard.com\/wp-content\/uploads\/2024\/09\/QP359-1.jpg\" data-elementor-open-lightbox=\"yes\" data-elementor-lightbox-slideshow=\"45c1bba\" data-elementor-lightbox-title=\"QP359\" data-e-action-hash=\"#elementor-action%3Aaction%3Dlightbox%26settings%3DeyJpZCI6MTA2MDQsInVybCI6Imh0dHBzOlwvXC93d3cubWljaGVsY29ycmVhcmQuY29tXC93cC1jb250ZW50XC91cGxvYWRzXC8yMDI0XC8wOVwvUVAzNTktMS5qcGciLCJzbGlkZXNob3ciOiI0NWMxYmJhIn0%3D\">\n\t\t\t\t\t<div class=\"e-gallery-image elementor-gallery-item__image\" data-thumbnail=\"https:\/\/www.michelcorreard.com\/wp-content\/uploads\/2024\/09\/QP359-1.jpg\" data-width=\"687\" data-height=\"387\" aria-label=\"\" role=\"img\" ><\/div>\n\t\t\t\t\t\t\t\t\t\t\t<div class=\"elementor-gallery-item__overlay\"><\/div>\n\t\t\t\t\t\t\t\t\t\t\t\t\t\t<\/a>\n\t\t\t\t\t\t\t<a class=\"e-gallery-item elementor-gallery-item elementor-animated-content\" href=\"https:\/\/www.michelcorreard.com\/wp-content\/uploads\/2024\/09\/QP361-1.jpg\" data-elementor-open-lightbox=\"yes\" data-elementor-lightbox-slideshow=\"45c1bba\" data-elementor-lightbox-title=\"QP361\" data-e-action-hash=\"#elementor-action%3Aaction%3Dlightbox%26settings%3DeyJpZCI6MTA2MDUsInVybCI6Imh0dHBzOlwvXC93d3cubWljaGVsY29ycmVhcmQuY29tXC93cC1jb250ZW50XC91cGxvYWRzXC8yMDI0XC8wOVwvUVAzNjEtMS5qcGciLCJzbGlkZXNob3ciOiI0NWMxYmJhIn0%3D\">\n\t\t\t\t\t<div class=\"e-gallery-image elementor-gallery-item__image\" data-thumbnail=\"https:\/\/www.michelcorreard.com\/wp-content\/uploads\/2024\/09\/QP361-1.jpg\" data-width=\"687\" data-height=\"387\" aria-label=\"\" role=\"img\" ><\/div>\n\t\t\t\t\t\t\t\t\t\t\t<div class=\"elementor-gallery-item__overlay\"><\/div>\n\t\t\t\t\t\t\t\t\t\t\t\t\t\t<\/a>\n\t\t\t\t\t\t\t<a class=\"e-gallery-item elementor-gallery-item elementor-animated-content\" href=\"https:\/\/www.michelcorreard.com\/wp-content\/uploads\/2024\/09\/QN1197.jpg\" data-elementor-open-lightbox=\"yes\" data-elementor-lightbox-slideshow=\"45c1bba\" data-elementor-lightbox-title=\"QN1197\" data-e-action-hash=\"#elementor-action%3Aaction%3Dlightbox%26settings%3DeyJpZCI6MTA2MDYsInVybCI6Imh0dHBzOlwvXC93d3cubWljaGVsY29ycmVhcmQuY29tXC93cC1jb250ZW50XC91cGxvYWRzXC8yMDI0XC8wOVwvUU4xMTk3LmpwZyIsInNsaWRlc2hvdyI6IjQ1YzFiYmEifQ%3D%3D\">\n\t\t\t\t\t<div class=\"e-gallery-image elementor-gallery-item__image\" data-thumbnail=\"https:\/\/www.michelcorreard.com\/wp-content\/uploads\/2024\/09\/QN1197.jpg\" data-width=\"687\" data-height=\"459\" aria-label=\"\" role=\"img\" ><\/div>\n\t\t\t\t\t\t\t\t\t\t\t<div class=\"elementor-gallery-item__overlay\"><\/div>\n\t\t\t\t\t\t\t\t\t\t\t\t\t\t<\/a>\n\t\t\t\t\t\t\t<a class=\"e-gallery-item elementor-gallery-item elementor-animated-content\" href=\"https:\/\/www.michelcorreard.com\/wp-content\/uploads\/2024\/09\/QN1201.jpg\" data-elementor-open-lightbox=\"yes\" data-elementor-lightbox-slideshow=\"45c1bba\" data-elementor-lightbox-title=\"QN1201\" data-e-action-hash=\"#elementor-action%3Aaction%3Dlightbox%26settings%3DeyJpZCI6MTA2MDcsInVybCI6Imh0dHBzOlwvXC93d3cubWljaGVsY29ycmVhcmQuY29tXC93cC1jb250ZW50XC91cGxvYWRzXC8yMDI0XC8wOVwvUU4xMjAxLmpwZyIsInNsaWRlc2hvdyI6IjQ1YzFiYmEifQ%3D%3D\">\n\t\t\t\t\t<div class=\"e-gallery-image elementor-gallery-item__image\" data-thumbnail=\"https:\/\/www.michelcorreard.com\/wp-content\/uploads\/2024\/09\/QN1201.jpg\" data-width=\"687\" data-height=\"459\" aria-label=\"\" role=\"img\" ><\/div>\n\t\t\t\t\t\t\t\t\t\t\t<div class=\"elementor-gallery-item__overlay\"><\/div>\n\t\t\t\t\t\t\t\t\t\t\t\t\t\t<\/a>\n\t\t\t\t\t\t\t<a class=\"e-gallery-item elementor-gallery-item elementor-animated-content\" href=\"https:\/\/www.michelcorreard.com\/wp-content\/uploads\/2024\/09\/QN1202.jpg\" data-elementor-open-lightbox=\"yes\" data-elementor-lightbox-slideshow=\"45c1bba\" data-elementor-lightbox-title=\"QN1202\" data-e-action-hash=\"#elementor-action%3Aaction%3Dlightbox%26settings%3DeyJpZCI6MTA2MDgsInVybCI6Imh0dHBzOlwvXC93d3cubWljaGVsY29ycmVhcmQuY29tXC93cC1jb250ZW50XC91cGxvYWRzXC8yMDI0XC8wOVwvUU4xMjAyLmpwZyIsInNsaWRlc2hvdyI6IjQ1YzFiYmEifQ%3D%3D\">\n\t\t\t\t\t<div class=\"e-gallery-image elementor-gallery-item__image\" data-thumbnail=\"https:\/\/www.michelcorreard.com\/wp-content\/uploads\/2024\/09\/QN1202.jpg\" data-width=\"687\" data-height=\"459\" aria-label=\"\" role=\"img\" ><\/div>\n\t\t\t\t\t\t\t\t\t\t\t<div class=\"elementor-gallery-item__overlay\"><\/div>\n\t\t\t\t\t\t\t\t\t\t\t\t\t\t<\/a>\n\t\t\t\t\t\t\t<a class=\"e-gallery-item elementor-gallery-item elementor-animated-content\" href=\"https:\/\/www.michelcorreard.com\/wp-content\/uploads\/2024\/09\/QN1205-1.jpg\" data-elementor-open-lightbox=\"yes\" data-elementor-lightbox-slideshow=\"45c1bba\" data-elementor-lightbox-title=\"QN1205\" data-e-action-hash=\"#elementor-action%3Aaction%3Dlightbox%26settings%3DeyJpZCI6MTA2MDksInVybCI6Imh0dHBzOlwvXC93d3cubWljaGVsY29ycmVhcmQuY29tXC93cC1jb250ZW50XC91cGxvYWRzXC8yMDI0XC8wOVwvUU4xMjA1LTEuanBnIiwic2xpZGVzaG93IjoiNDVjMWJiYSJ9\">\n\t\t\t\t\t<div class=\"e-gallery-image elementor-gallery-item__image\" data-thumbnail=\"https:\/\/www.michelcorreard.com\/wp-content\/uploads\/2024\/09\/QN1205-1.jpg\" data-width=\"687\" data-height=\"459\" aria-label=\"\" role=\"img\" ><\/div>\n\t\t\t\t\t\t\t\t\t\t\t<div class=\"elementor-gallery-item__overlay\"><\/div>\n\t\t\t\t\t\t\t\t\t\t\t\t\t\t<\/a>\n\t\t\t\t\t\t\t<a class=\"e-gallery-item elementor-gallery-item elementor-animated-content\" href=\"https:\/\/www.michelcorreard.com\/wp-content\/uploads\/2024\/09\/QN1207.jpg\" data-elementor-open-lightbox=\"yes\" data-elementor-lightbox-slideshow=\"45c1bba\" data-elementor-lightbox-title=\"QN1207\" data-e-action-hash=\"#elementor-action%3Aaction%3Dlightbox%26settings%3DeyJpZCI6MTA2MTAsInVybCI6Imh0dHBzOlwvXC93d3cubWljaGVsY29ycmVhcmQuY29tXC93cC1jb250ZW50XC91cGxvYWRzXC8yMDI0XC8wOVwvUU4xMjA3LmpwZyIsInNsaWRlc2hvdyI6IjQ1YzFiYmEifQ%3D%3D\">\n\t\t\t\t\t<div class=\"e-gallery-image elementor-gallery-item__image\" data-thumbnail=\"https:\/\/www.michelcorreard.com\/wp-content\/uploads\/2024\/09\/QN1207.jpg\" data-width=\"687\" data-height=\"459\" aria-label=\"\" role=\"img\" ><\/div>\n\t\t\t\t\t\t\t\t\t\t\t<div class=\"elementor-gallery-item__overlay\"><\/div>\n\t\t\t\t\t\t\t\t\t\t\t\t\t\t<\/a>\n\t\t\t\t\t\t\t<a class=\"e-gallery-item elementor-gallery-item elementor-animated-content\" href=\"https:\/\/www.michelcorreard.com\/wp-content\/uploads\/2024\/09\/QN1212-1.jpg\" data-elementor-open-lightbox=\"yes\" data-elementor-lightbox-slideshow=\"45c1bba\" data-elementor-lightbox-title=\"QN1212\" data-e-action-hash=\"#elementor-action%3Aaction%3Dlightbox%26settings%3DeyJpZCI6MTA2MTEsInVybCI6Imh0dHBzOlwvXC93d3cubWljaGVsY29ycmVhcmQuY29tXC93cC1jb250ZW50XC91cGxvYWRzXC8yMDI0XC8wOVwvUU4xMjEyLTEuanBnIiwic2xpZGVzaG93IjoiNDVjMWJiYSJ9\">\n\t\t\t\t\t<div class=\"e-gallery-image elementor-gallery-item__image\" data-thumbnail=\"https:\/\/www.michelcorreard.com\/wp-content\/uploads\/2024\/09\/QN1212-1.jpg\" data-width=\"687\" data-height=\"459\" aria-label=\"\" role=\"img\" ><\/div>\n\t\t\t\t\t\t\t\t\t\t\t<div class=\"elementor-gallery-item__overlay\"><\/div>\n\t\t\t\t\t\t\t\t\t\t\t\t\t\t<\/a>\n\t\t\t\t\t\t\t<a class=\"e-gallery-item elementor-gallery-item elementor-animated-content\" href=\"https:\/\/www.michelcorreard.com\/wp-content\/uploads\/2024\/09\/QN1218.jpg\" data-elementor-open-lightbox=\"yes\" data-elementor-lightbox-slideshow=\"45c1bba\" data-elementor-lightbox-title=\"QN1218\" data-e-action-hash=\"#elementor-action%3Aaction%3Dlightbox%26settings%3DeyJpZCI6MTA2MTIsInVybCI6Imh0dHBzOlwvXC93d3cubWljaGVsY29ycmVhcmQuY29tXC93cC1jb250ZW50XC91cGxvYWRzXC8yMDI0XC8wOVwvUU4xMjE4LmpwZyIsInNsaWRlc2hvdyI6IjQ1YzFiYmEifQ%3D%3D\">\n\t\t\t\t\t<div class=\"e-gallery-image elementor-gallery-item__image\" data-thumbnail=\"https:\/\/www.michelcorreard.com\/wp-content\/uploads\/2024\/09\/QN1218.jpg\" data-width=\"687\" data-height=\"459\" aria-label=\"\" role=\"img\" ><\/div>\n\t\t\t\t\t\t\t\t\t\t\t<div class=\"elementor-gallery-item__overlay\"><\/div>\n\t\t\t\t\t\t\t\t\t\t\t\t\t\t<\/a>\n\t\t\t\t\t\t\t<a class=\"e-gallery-item elementor-gallery-item elementor-animated-content\" href=\"https:\/\/www.michelcorreard.com\/wp-content\/uploads\/2024\/09\/QN1233.jpg\" data-elementor-open-lightbox=\"yes\" data-elementor-lightbox-slideshow=\"45c1bba\" data-elementor-lightbox-title=\"QN1233\" data-e-action-hash=\"#elementor-action%3Aaction%3Dlightbox%26settings%3DeyJpZCI6MTA2MTMsInVybCI6Imh0dHBzOlwvXC93d3cubWljaGVsY29ycmVhcmQuY29tXC93cC1jb250ZW50XC91cGxvYWRzXC8yMDI0XC8wOVwvUU4xMjMzLmpwZyIsInNsaWRlc2hvdyI6IjQ1YzFiYmEifQ%3D%3D\">\n\t\t\t\t\t<div class=\"e-gallery-image elementor-gallery-item__image\" data-thumbnail=\"https:\/\/www.michelcorreard.com\/wp-content\/uploads\/2024\/09\/QN1233.jpg\" data-width=\"687\" data-height=\"459\" aria-label=\"\" role=\"img\" ><\/div>\n\t\t\t\t\t\t\t\t\t\t\t<div class=\"elementor-gallery-item__overlay\"><\/div>\n\t\t\t\t\t\t\t\t\t\t\t\t\t\t<\/a>\n\t\t\t\t\t\t\t<a class=\"e-gallery-item elementor-gallery-item elementor-animated-content\" href=\"https:\/\/www.michelcorreard.com\/wp-content\/uploads\/2024\/09\/QN1236-1.jpg\" data-elementor-open-lightbox=\"yes\" data-elementor-lightbox-slideshow=\"45c1bba\" data-elementor-lightbox-title=\"QN1236\" data-e-action-hash=\"#elementor-action%3Aaction%3Dlightbox%26settings%3DeyJpZCI6MTA2MTQsInVybCI6Imh0dHBzOlwvXC93d3cubWljaGVsY29ycmVhcmQuY29tXC93cC1jb250ZW50XC91cGxvYWRzXC8yMDI0XC8wOVwvUU4xMjM2LTEuanBnIiwic2xpZGVzaG93IjoiNDVjMWJiYSJ9\">\n\t\t\t\t\t<div class=\"e-gallery-image elementor-gallery-item__image\" data-thumbnail=\"https:\/\/www.michelcorreard.com\/wp-content\/uploads\/2024\/09\/QN1236-1.jpg\" data-width=\"687\" data-height=\"459\" aria-label=\"\" role=\"img\" ><\/div>\n\t\t\t\t\t\t\t\t\t\t\t<div class=\"elementor-gallery-item__overlay\"><\/div>\n\t\t\t\t\t\t\t\t\t\t\t\t\t\t<\/a>\n\t\t\t\t\t\t\t<a class=\"e-gallery-item elementor-gallery-item elementor-animated-content\" href=\"https:\/\/www.michelcorreard.com\/wp-content\/uploads\/2024\/09\/QN1250.jpg\" data-elementor-open-lightbox=\"yes\" data-elementor-lightbox-slideshow=\"45c1bba\" data-elementor-lightbox-title=\"QN1250\" data-e-action-hash=\"#elementor-action%3Aaction%3Dlightbox%26settings%3DeyJpZCI6MTA2MTUsInVybCI6Imh0dHBzOlwvXC93d3cubWljaGVsY29ycmVhcmQuY29tXC93cC1jb250ZW50XC91cGxvYWRzXC8yMDI0XC8wOVwvUU4xMjUwLmpwZyIsInNsaWRlc2hvdyI6IjQ1YzFiYmEifQ%3D%3D\">\n\t\t\t\t\t<div class=\"e-gallery-image elementor-gallery-item__image\" data-thumbnail=\"https:\/\/www.michelcorreard.com\/wp-content\/uploads\/2024\/09\/QN1250.jpg\" data-width=\"687\" data-height=\"459\" aria-label=\"\" role=\"img\" ><\/div>\n\t\t\t\t\t\t\t\t\t\t\t<div class=\"elementor-gallery-item__overlay\"><\/div>\n\t\t\t\t\t\t\t\t\t\t\t\t\t\t<\/a>\n\t\t\t\t\t<\/div>\n\t\t\t\t\t<\/div>\n\t\t\t\t<\/div>\n\t\t\t\t\t<\/div>\n\t\t<\/div>\n\t\t\t\t\t<\/div>\n\t\t<\/section>\n\t\t\t\t<\/div>\n\t\t","protected":false},"excerpt":{"rendered":"","protected":false},"author":1,"featured_media":0,"parent":0,"menu_order":0,"comment_status":"closed","ping_status":"closed","template":"","meta":{"footnotes":""},"class_list":["post-10019","page","type-page","status-publish","hentry"],"_links":{"self":[{"href":"https:\/\/www.michelcorreard.com\/index.php?rest_route=\/wp\/v2\/pages\/10019","targetHints":{"allow":["GET"]}}],"collection":[{"href":"https:\/\/www.michelcorreard.com\/index.php?rest_route=\/wp\/v2\/pages"}],"about":[{"href":"https:\/\/www.michelcorreard.com\/index.php?rest_route=\/wp\/v2\/types\/page"}],"author":[{"embeddable":true,"href":"https:\/\/www.michelcorreard.com\/index.php?rest_route=\/wp\/v2\/users\/1"}],"replies":[{"embeddable":true,"href":"https:\/\/www.michelcorreard.com\/index.php?rest_route=%2Fwp%2Fv2%2Fcomments&post=10019"}],"version-history":[{"count":7,"href":"https:\/\/www.michelcorreard.com\/index.php?rest_route=\/wp\/v2\/pages\/10019\/revisions"}],"predecessor-version":[{"id":10618,"href":"https:\/\/www.michelcorreard.com\/index.php?rest_route=\/wp\/v2\/pages\/10019\/revisions\/10618"}],"wp:attachment":[{"href":"https:\/\/www.michelcorreard.com\/index.php?rest_route=%2Fwp%2Fv2%2Fmedia&parent=10019"}],"curies":[{"name":"wp","href":"https:\/\/api.w.org\/{rel}","templated":true}]}}